{"id":484,"date":"2026-03-06T17:35:00","date_gmt":"2026-03-06T16:35:00","guid":{"rendered":"https:\/\/animalwelfare.iph-multisite.berta-bewegt.ch\/?page_id=484"},"modified":"2026-03-09T14:17:49","modified_gmt":"2026-03-09T13:17:49","slug":"premier-episode","status":"publish","type":"page","link":"https:\/\/animalwelfare.iph-multisite.berta-bewegt.ch\/fr\/sujets\/alternativmethoden\/serie-sur-le-bien-etre-animal\/premier-episode\/","title":{"rendered":"Premier \u00e9pisode"},"content":{"rendered":"\n<h2 class=\"wp-block-heading\">Premier \u00e9pisode<\/h2>\n\n\n\n<p><strong><strong>De l\u2019espoir pour les personnes atteintes d\u2019une maladie rare: de nouvelles approches th\u00e9rapeutiques, en partie gr\u00e2ce \u00e0 l\u2019exp\u00e9rimentation animale <\/strong><\/strong><\/p>\n\n\n\n<div class=\"wp-block-columns is-layout-flex wp-container-core-columns-is-layout-9d6595d7 wp-block-columns-is-layout-flex\">\n<div class=\"wp-block-column is-layout-flow wp-block-column-is-layout-flow\">\n<p>Le syndrome de Timothy est une maladie rare caus\u00e9e par une mutation g\u00e9n\u00e9tique qui emp\u00eache certains canaux calciques cellulaires de se fermer correctement. Cela perturbe la communication entre les cellules nerveuses, les cellules du myocarde et d\u2019autres types de cellules, entra\u00eenant des probl\u00e8mes cardiaques, l\u2019autisme et l\u2019\u00e9pilepsie. Mais de nouvelles approches de recherche permettent d\u2019esp\u00e9rer un traitement efficace.<\/p>\n\n\n\n<p><strong>La recherche sur le syndrome de Timothy est aussi utile contre d\u2019autres maladies neurologiques<\/strong><strong><\/strong><\/p>\n\n\n\n<p>La recherche sur cette maladie contribue non seulement au d\u00e9veloppement d\u2019un traitement cibl\u00e9 pour les personnes touch\u00e9es, mais apporte aussi des connaissances utiles pour lutter contre d\u2019autres maladies neurologiques. C\u2019est ce que montrent les travaux de recherche de Sergiu P. Pa\u0219ca et son \u00e9quipe \u00e0 l\u2019Universit\u00e9 de Stanford: au bout de 13&nbsp;ans de recherche, ils ont d\u00e9velopp\u00e9 une m\u00e9thode qui permet, \u00e0 l\u2019aide d\u2019organo\u00efdes c\u00e9r\u00e9braux, c\u2019est-\u00e0-dire des structures c\u00e9r\u00e9brales miniatures obtenues \u00e0 partir de cellules souches humaines, de r\u00e9tablir la fonction d\u00e9fectueuse des canaux calciques. De premiers succ\u00e8s se sont tout d\u2019abord manifest\u00e9s sur de simples cellules en laboratoire, puis sur des \u00abmini-cerveaux\u00bb (organo\u00efdes) complexes en laboratoire, puis chez l\u2019animal apr\u00e8s transplantation de ces organo\u00efdes dans le cerveau de rats.<\/p>\n<\/div>\n\n\n\n<div class=\"wp-block-column is-layout-flow wp-block-column-is-layout-flow\">\n<figure class=\"wp-block-image size-large\"><a href=\"https:\/\/med.stanford.edu\/news\/all-news\/2024\/04\/timothy-syndrome\" target=\"_blank\" rel=\"noreferrer noopener\"><img decoding=\"async\" src=\"https:\/\/animalwelfare.iph-multisite.berta-bewegt.ch\/wp-content\/uploads\/sites\/5\/2025\/06\/20250604_iph_grafiken_animal_welfare_FR_01_ik02.jpg\" alt=\"\" class=\"wp-image-11169\"\/><\/a><\/figure>\n<\/div>\n<\/div>\n\n\n\n<p><strong>De la culture cellulaire \u00e0 l\u2019organo\u00efde <\/strong><strong><\/strong><\/p>\n\n\n\n<p>Les travaux de recherche de Sergiu P. Pa\u0219ca ont commenc\u00e9 en 2009 par des cultures de cellules nerveuses \u00e0 partir de cellules cutan\u00e9es de patients atteints du syndrome de Timothy. Cela lui permit de visualiser pour la premi\u00e8re fois en laboratoire les anomalies cellulaires, mais uniquement dans des cultures sur une surface plane. Pour cr\u00e9er des mod\u00e8les plus r\u00e9alistes, son \u00e9quipe a d\u00e9velopp\u00e9 des organo\u00efdes c\u00e9r\u00e9braux en trois dimensions (\u00abmini-cerveaux\u00bb) qui imitent des aspects du d\u00e9veloppement c\u00e9r\u00e9bral humain.<\/p>\n\n\n\n<p><strong>Premiers succ\u00e8s de la nouvelle forme de traitement<\/strong><strong><\/strong><\/p>\n\n\n\n<p>L\u2019\u00e9quipe a test\u00e9 une nouvelle forme de traitement qui lui a permis d\u2019annuler en partie la mutation g\u00e9n\u00e9tique \u00e0 l\u2019origine du syndrome de Timothy. Cela fonctionnait dans des exp\u00e9riences sur les organo\u00efdes: l\u2019activit\u00e9 des canaux calciques se normalisait. Ces r\u00e9sultats montrent le potentiel de ce traitement pour les personnes touch\u00e9es.<\/p>\n\n\n\n<p><strong>Pourquoi a-t-on eu besoin d\u2019exp\u00e9riences sur des animaux?<\/strong><strong><\/strong><\/p>\n\n\n\n<p>Avant qu\u2019un traitement puisse \u00eatre autoris\u00e9 pour l\u2019\u00eatre humain, il faut prouver qu\u2019il est s\u00fbr et efficace. Pour cela, il est actuellement encore indispensable de faire des tests dans des organismes vivants. C\u2019est pourquoi les scientifiques ont transplant\u00e9 les organo\u00efdes humains \u00e0 des rats nouveau-n\u00e9s avant de leur administrer le nouveau traitement. Les r\u00e9sultats furent prometteurs: les m\u00eames effets positifs se manifest\u00e8rent que sur les organo\u00efdes. Les exp\u00e9riences sur animaux avaient deux objectifs principaux: premi\u00e8rement, observer le comportement des cellules c\u00e9r\u00e9brales humaines dans un cerveau vivant et deuxi\u00e8mement, savoir si le traitement agit \u00e9galement dans un organisme complexe et est bien tol\u00e9r\u00e9.<\/p>\n\n\n\n<p>Ces travaux de recherche combinent des <strong>m\u00e9thodes de substitution modernes<\/strong> avec les exp\u00e9riences sur animaux requises pour d\u00e9velopper un nouveau traitement du syndrome de Timothy et d\u2019autres maladies similaires tout en r\u00e9duisant l\u2019emploi de l\u2019exp\u00e9rimentation animale au strict <strong>minimum n\u00e9cessaire<\/strong>.<\/p>\n\n\n\n<p>Informations compl\u00e9mentaires:<\/p>\n\n\n\n<ul class=\"wp-block-list\">\n<li>\u00c0 propos de cette maladie rare: \u00ab<a href=\"https:\/\/eara.us10.list-manage.com\/track\/click?u=f06d4e3bcff1a29b0eb102c6f&amp;id=6a41606a96&amp;e=c3a71aa15d\" target=\"_blank\" rel=\"noreferrer noopener\"><span style=\"text-decoration: underline;\">Timothy syndrome<\/span><\/a>\u00bb<\/li>\n\n\n\n<li>\u00c0 propos des travaux de <a href=\"https:\/\/med.stanford.edu\/news\/all-news\/2024\/04\/timothy-syndrome.html?mc_cid=f527ce2135&amp;mc_eid=c3a71aa15d\" target=\"_blank\" rel=\"noreferrer noopener\"><span style=\"text-decoration: underline;\">recherche<\/span><\/a> de <a href=\"https:\/\/eara.us10.list-manage.com\/track\/click?u=f06d4e3bcff1a29b0eb102c6f&amp;id=49cb34dbeb&amp;e=c3a71aa15d\" target=\"_blank\" rel=\"noreferrer noopener\"><span style=\"text-decoration: underline;\">Sergiu Pasca<\/span><\/a><\/li>\n\n\n\n<li>Article scientifique dans <a href=\"https:\/\/eara.us10.list-manage.com\/track\/click?u=f06d4e3bcff1a29b0eb102c6f&amp;id=1c530d84a6&amp;e=c3a71aa15d\" target=\"_blank\" rel=\"noreferrer noopener\"><span style=\"text-decoration: underline;\">Nature Communications<\/span><\/a><\/li>\n<\/ul>\n\n\n\n<figure class=\"wp-block-image size-large is-resized\"><a href=\"https:\/\/www.nature.com\/articles\/s41586-024-07310-6\" target=\"_blank\" rel=\"noreferrer noopener\"><img decoding=\"async\" src=\"https:\/\/animalwelfare.iph-multisite.berta-bewegt.ch\/wp-content\/uploads\/sites\/5\/2025\/06\/20250604_iph_grafiken_animal_welfare_FR_02_ik02-1024x357.jpg\" alt=\"\" class=\"wp-image-11172\" style=\"width:561px;height:auto\"\/><\/a><\/figure>\n\n\n\n<p>Sch\u00e9ma: de la culture de cellules souches \u00e0 la transplantation de l\u2019organo\u00efde dans un organisme vivant<\/p>\n\n\n\n            <section class=\"highlighted-text-block block-margins block-paddings-v2 secondary-1-light scrollMagic-block visibleInBackend\" data-uid=\"69da1d5a44b78\">\n             <div class=\"highlighted-text-block-inner-container\">\n                \n                <div class=\"texteditor-medium-headings\">\n                    <p>Dans la recherche biom\u00e9dicale, l\u2019exp\u00e9rimentation animale est souvent indispensable pour \u00e9valuer la s\u00e9curit\u00e9 et l\u2019efficacit\u00e9 de nouveaux traitements. Elle permet d\u2019observer les interactions complexes au sein d\u2019un organisme vivant que les m\u00e9thodes de substitution ne suffisent pas \u00e0 reproduire. La recherche d\u00e9veloppe de plus en plus de m\u00e9thodes de substitution comme les organo\u00efdes pour r\u00e9duire progressivement l\u2019emploi d\u2019animaux.<\/p>\n                <\/div>\n            <\/div>\n        <\/section>\n    \n\n\n\n","protected":false},"excerpt":{"rendered":"<p>Premier \u00e9pisode De l\u2019espoir pour les personnes atteintes d\u2019une maladie rare: de nouvelles approches th\u00e9rapeutiques, en partie gr\u00e2ce \u00e0 l\u2019exp\u00e9rimentation animale Le syndrome de Timothy est une maladie rare caus\u00e9e par une mutation g\u00e9n\u00e9tique qui emp\u00eache certains canaux calciques cellulaires de se fermer correctement. Cela perturbe la communication entre les cellules nerveuses, les cellules du [&hellip;]<\/p>\n","protected":false},"author":1,"featured_media":0,"parent":490,"menu_order":0,"comment_status":"closed","ping_status":"closed","template":"page-templates\/unterthema.php","meta":{"_acf_changed":false,"inline_featured_image":false,"footnotes":""},"class_list":["post-484","page","type-page","status-publish","hentry"],"acf":[],"yoast_head":"<!-- This site is optimized with the Yoast SEO plugin v27.2 - https:\/\/yoast.com\/product\/yoast-seo-wordpress\/ -->\n<title>Premier \u00e9pisode - animalwelfare<\/title>\n<meta name=\"robots\" content=\"noindex, follow, max-snippet:-1, max-image-preview:large, max-video-preview:-1\" \/>\n<meta property=\"og:locale\" content=\"fr_FR\" \/>\n<meta property=\"og:type\" content=\"article\" \/>\n<meta property=\"og:title\" content=\"Premier \u00e9pisode - animalwelfare\" \/>\n<meta property=\"og:description\" content=\"Premier \u00e9pisode De l\u2019espoir pour les personnes atteintes d\u2019une maladie rare: de nouvelles approches th\u00e9rapeutiques, en partie gr\u00e2ce \u00e0 l\u2019exp\u00e9rimentation animale Le syndrome de Timothy est une maladie rare caus\u00e9e par une mutation g\u00e9n\u00e9tique qui emp\u00eache certains canaux calciques cellulaires de se fermer correctement. Cela perturbe la communication entre les cellules nerveuses, les cellules du [&hellip;]\" \/>\n<meta property=\"og:url\" content=\"https:\/\/animalwelfare.iph-multisite.berta-bewegt.ch\/fr\/sujets\/alternativmethoden\/serie-sur-le-bien-etre-animal\/premier-episode\/\" \/>\n<meta property=\"og:site_name\" content=\"animalwelfare\" \/>\n<meta property=\"article:modified_time\" content=\"2026-03-09T13:17:49+00:00\" \/>\n<meta name=\"twitter:card\" content=\"summary_large_image\" \/>\n<meta name=\"twitter:label1\" content=\"Dur\u00e9e de lecture estim\u00e9e\" \/>\n\t<meta name=\"twitter:data1\" content=\"4 minutes\" \/>\n<script type=\"application\/ld+json\" class=\"yoast-schema-graph\">{\"@context\":\"https:\/\/schema.org\",\"@graph\":[{\"@type\":\"WebPage\",\"@id\":\"https:\/\/animalwelfare.iph-multisite.berta-bewegt.ch\/fr\/sujets\/alternativmethoden\/serie-sur-le-bien-etre-animal\/premier-episode\/\",\"url\":\"https:\/\/animalwelfare.iph-multisite.berta-bewegt.ch\/fr\/sujets\/alternativmethoden\/serie-sur-le-bien-etre-animal\/premier-episode\/\",\"name\":\"Premier \u00e9pisode - animalwelfare\",\"isPartOf\":{\"@id\":\"https:\/\/animalwelfare.iph-multisite.berta-bewegt.ch\/#website\"},\"primaryImageOfPage\":{\"@id\":\"https:\/\/animalwelfare.iph-multisite.berta-bewegt.ch\/fr\/sujets\/alternativmethoden\/serie-sur-le-bien-etre-animal\/premier-episode\/#primaryimage\"},\"image\":{\"@id\":\"https:\/\/animalwelfare.iph-multisite.berta-bewegt.ch\/fr\/sujets\/alternativmethoden\/serie-sur-le-bien-etre-animal\/premier-episode\/#primaryimage\"},\"thumbnailUrl\":\"https:\/\/animalwelfare.iph-multisite.berta-bewegt.ch\/wp-content\/uploads\/sites\/5\/2025\/06\/20250604_iph_grafiken_animal_welfare_FR_01_ik02.jpg\",\"datePublished\":\"2026-03-06T16:35:00+00:00\",\"dateModified\":\"2026-03-09T13:17:49+00:00\",\"breadcrumb\":{\"@id\":\"https:\/\/animalwelfare.iph-multisite.berta-bewegt.ch\/fr\/sujets\/alternativmethoden\/serie-sur-le-bien-etre-animal\/premier-episode\/#breadcrumb\"},\"inLanguage\":\"fr-FR\",\"potentialAction\":[{\"@type\":\"ReadAction\",\"target\":[\"https:\/\/animalwelfare.iph-multisite.berta-bewegt.ch\/fr\/sujets\/alternativmethoden\/serie-sur-le-bien-etre-animal\/premier-episode\/\"]}]},{\"@type\":\"ImageObject\",\"inLanguage\":\"fr-FR\",\"@id\":\"https:\/\/animalwelfare.iph-multisite.berta-bewegt.ch\/fr\/sujets\/alternativmethoden\/serie-sur-le-bien-etre-animal\/premier-episode\/#primaryimage\",\"url\":\"https:\/\/animalwelfare.iph-multisite.berta-bewegt.ch\/wp-content\/uploads\/sites\/5\/2025\/06\/20250604_iph_grafiken_animal_welfare_FR_01_ik02.jpg\",\"contentUrl\":\"https:\/\/animalwelfare.iph-multisite.berta-bewegt.ch\/wp-content\/uploads\/sites\/5\/2025\/06\/20250604_iph_grafiken_animal_welfare_FR_01_ik02.jpg\"},{\"@type\":\"BreadcrumbList\",\"@id\":\"https:\/\/animalwelfare.iph-multisite.berta-bewegt.ch\/fr\/sujets\/alternativmethoden\/serie-sur-le-bien-etre-animal\/premier-episode\/#breadcrumb\",\"itemListElement\":[{\"@type\":\"ListItem\",\"position\":1,\"name\":\"Start\",\"item\":\"https:\/\/animalwelfare.iph-multisite.berta-bewegt.ch\/fr\/\"},{\"@type\":\"ListItem\",\"position\":2,\"name\":\"Contenus\",\"item\":\"https:\/\/animalwelfare.iph-multisite.berta-bewegt.ch\/fr\/sujets\/\"},{\"@type\":\"ListItem\",\"position\":3,\"name\":\"M\u00e9thodes de substitution\",\"item\":\"https:\/\/animalwelfare.iph-multisite.berta-bewegt.ch\/fr\/sujets\/alternativmethoden\/\"},{\"@type\":\"ListItem\",\"position\":4,\"name\":\"S\u00e9rie sur le bien-\u00eatre animal\",\"item\":\"https:\/\/animalwelfare.iph-multisite.berta-bewegt.ch\/fr\/sujets\/alternativmethoden\/serie-sur-le-bien-etre-animal\/\"},{\"@type\":\"ListItem\",\"position\":5,\"name\":\"Premier \u00e9pisode\"}]},{\"@type\":\"WebSite\",\"@id\":\"https:\/\/animalwelfare.iph-multisite.berta-bewegt.ch\/#website\",\"url\":\"https:\/\/animalwelfare.iph-multisite.berta-bewegt.ch\/\",\"name\":\"animalwelfare\",\"description\":\"\",\"potentialAction\":[{\"@type\":\"SearchAction\",\"target\":{\"@type\":\"EntryPoint\",\"urlTemplate\":\"https:\/\/animalwelfare.iph-multisite.berta-bewegt.ch\/?s={search_term_string}\"},\"query-input\":{\"@type\":\"PropertyValueSpecification\",\"valueRequired\":true,\"valueName\":\"search_term_string\"}}],\"inLanguage\":\"fr-FR\"}]}<\/script>\n<!-- \/ Yoast SEO plugin. -->","yoast_head_json":{"title":"Premier \u00e9pisode - animalwelfare","robots":{"index":"noindex","follow":"follow","max-snippet":"max-snippet:-1","max-image-preview":"max-image-preview:large","max-video-preview":"max-video-preview:-1"},"og_locale":"fr_FR","og_type":"article","og_title":"Premier \u00e9pisode - animalwelfare","og_description":"Premier \u00e9pisode De l\u2019espoir pour les personnes atteintes d\u2019une maladie rare: de nouvelles approches th\u00e9rapeutiques, en partie gr\u00e2ce \u00e0 l\u2019exp\u00e9rimentation animale Le syndrome de Timothy est une maladie rare caus\u00e9e par une mutation g\u00e9n\u00e9tique qui emp\u00eache certains canaux calciques cellulaires de se fermer correctement. Cela perturbe la communication entre les cellules nerveuses, les cellules du [&hellip;]","og_url":"https:\/\/animalwelfare.iph-multisite.berta-bewegt.ch\/fr\/sujets\/alternativmethoden\/serie-sur-le-bien-etre-animal\/premier-episode\/","og_site_name":"animalwelfare","article_modified_time":"2026-03-09T13:17:49+00:00","twitter_card":"summary_large_image","twitter_misc":{"Dur\u00e9e de lecture estim\u00e9e":"4 minutes"},"schema":{"@context":"https:\/\/schema.org","@graph":[{"@type":"WebPage","@id":"https:\/\/animalwelfare.iph-multisite.berta-bewegt.ch\/fr\/sujets\/alternativmethoden\/serie-sur-le-bien-etre-animal\/premier-episode\/","url":"https:\/\/animalwelfare.iph-multisite.berta-bewegt.ch\/fr\/sujets\/alternativmethoden\/serie-sur-le-bien-etre-animal\/premier-episode\/","name":"Premier \u00e9pisode - animalwelfare","isPartOf":{"@id":"https:\/\/animalwelfare.iph-multisite.berta-bewegt.ch\/#website"},"primaryImageOfPage":{"@id":"https:\/\/animalwelfare.iph-multisite.berta-bewegt.ch\/fr\/sujets\/alternativmethoden\/serie-sur-le-bien-etre-animal\/premier-episode\/#primaryimage"},"image":{"@id":"https:\/\/animalwelfare.iph-multisite.berta-bewegt.ch\/fr\/sujets\/alternativmethoden\/serie-sur-le-bien-etre-animal\/premier-episode\/#primaryimage"},"thumbnailUrl":"https:\/\/animalwelfare.iph-multisite.berta-bewegt.ch\/wp-content\/uploads\/sites\/5\/2025\/06\/20250604_iph_grafiken_animal_welfare_FR_01_ik02.jpg","datePublished":"2026-03-06T16:35:00+00:00","dateModified":"2026-03-09T13:17:49+00:00","breadcrumb":{"@id":"https:\/\/animalwelfare.iph-multisite.berta-bewegt.ch\/fr\/sujets\/alternativmethoden\/serie-sur-le-bien-etre-animal\/premier-episode\/#breadcrumb"},"inLanguage":"fr-FR","potentialAction":[{"@type":"ReadAction","target":["https:\/\/animalwelfare.iph-multisite.berta-bewegt.ch\/fr\/sujets\/alternativmethoden\/serie-sur-le-bien-etre-animal\/premier-episode\/"]}]},{"@type":"ImageObject","inLanguage":"fr-FR","@id":"https:\/\/animalwelfare.iph-multisite.berta-bewegt.ch\/fr\/sujets\/alternativmethoden\/serie-sur-le-bien-etre-animal\/premier-episode\/#primaryimage","url":"https:\/\/animalwelfare.iph-multisite.berta-bewegt.ch\/wp-content\/uploads\/sites\/5\/2025\/06\/20250604_iph_grafiken_animal_welfare_FR_01_ik02.jpg","contentUrl":"https:\/\/animalwelfare.iph-multisite.berta-bewegt.ch\/wp-content\/uploads\/sites\/5\/2025\/06\/20250604_iph_grafiken_animal_welfare_FR_01_ik02.jpg"},{"@type":"BreadcrumbList","@id":"https:\/\/animalwelfare.iph-multisite.berta-bewegt.ch\/fr\/sujets\/alternativmethoden\/serie-sur-le-bien-etre-animal\/premier-episode\/#breadcrumb","itemListElement":[{"@type":"ListItem","position":1,"name":"Start","item":"https:\/\/animalwelfare.iph-multisite.berta-bewegt.ch\/fr\/"},{"@type":"ListItem","position":2,"name":"Contenus","item":"https:\/\/animalwelfare.iph-multisite.berta-bewegt.ch\/fr\/sujets\/"},{"@type":"ListItem","position":3,"name":"M\u00e9thodes de substitution","item":"https:\/\/animalwelfare.iph-multisite.berta-bewegt.ch\/fr\/sujets\/alternativmethoden\/"},{"@type":"ListItem","position":4,"name":"S\u00e9rie sur le bien-\u00eatre animal","item":"https:\/\/animalwelfare.iph-multisite.berta-bewegt.ch\/fr\/sujets\/alternativmethoden\/serie-sur-le-bien-etre-animal\/"},{"@type":"ListItem","position":5,"name":"Premier \u00e9pisode"}]},{"@type":"WebSite","@id":"https:\/\/animalwelfare.iph-multisite.berta-bewegt.ch\/#website","url":"https:\/\/animalwelfare.iph-multisite.berta-bewegt.ch\/","name":"animalwelfare","description":"","potentialAction":[{"@type":"SearchAction","target":{"@type":"EntryPoint","urlTemplate":"https:\/\/animalwelfare.iph-multisite.berta-bewegt.ch\/?s={search_term_string}"},"query-input":{"@type":"PropertyValueSpecification","valueRequired":true,"valueName":"search_term_string"}}],"inLanguage":"fr-FR"}]}},"_links":{"self":[{"href":"https:\/\/animalwelfare.iph-multisite.berta-bewegt.ch\/fr\/wp-json\/wp\/v2\/pages\/484","targetHints":{"allow":["GET"]}}],"collection":[{"href":"https:\/\/animalwelfare.iph-multisite.berta-bewegt.ch\/fr\/wp-json\/wp\/v2\/pages"}],"about":[{"href":"https:\/\/animalwelfare.iph-multisite.berta-bewegt.ch\/fr\/wp-json\/wp\/v2\/types\/page"}],"author":[{"embeddable":true,"href":"https:\/\/animalwelfare.iph-multisite.berta-bewegt.ch\/fr\/wp-json\/wp\/v2\/users\/1"}],"replies":[{"embeddable":true,"href":"https:\/\/animalwelfare.iph-multisite.berta-bewegt.ch\/fr\/wp-json\/wp\/v2\/comments?post=484"}],"version-history":[{"count":5,"href":"https:\/\/animalwelfare.iph-multisite.berta-bewegt.ch\/fr\/wp-json\/wp\/v2\/pages\/484\/revisions"}],"predecessor-version":[{"id":2812,"href":"https:\/\/animalwelfare.iph-multisite.berta-bewegt.ch\/fr\/wp-json\/wp\/v2\/pages\/484\/revisions\/2812"}],"up":[{"embeddable":true,"href":"https:\/\/animalwelfare.iph-multisite.berta-bewegt.ch\/fr\/wp-json\/wp\/v2\/pages\/490"}],"wp:attachment":[{"href":"https:\/\/animalwelfare.iph-multisite.berta-bewegt.ch\/fr\/wp-json\/wp\/v2\/media?parent=484"}],"curies":[{"name":"wp","href":"https:\/\/api.w.org\/{rel}","templated":true}]}}