{"id":574,"date":"2026-03-06T17:35:02","date_gmt":"2026-03-06T16:35:02","guid":{"rendered":"https:\/\/animalwelfare.iph-multisite.berta-bewegt.ch\/?page_id=574"},"modified":"2026-03-09T16:24:32","modified_gmt":"2026-03-09T15:24:32","slug":"promotion-des-3r","status":"publish","type":"page","link":"https:\/\/animalwelfare.iph-multisite.berta-bewegt.ch\/fr\/report-2025\/promotion-des-3r\/","title":{"rendered":"Promotion de la r\u00e8gle des 3R"},"content":{"rendered":"\n<h2 class=\"wp-block-heading\">Promotion de la r\u00e8gle des 3R<\/h2>\n\n\n\n<p><strong><strong><strong>La r\u00e8gle des 3R vise \u00e0 remplacer autant que possible l\u2019exp\u00e9rimentation animale (Replace), \u00e0 r\u00e9duire le nombre d\u2019animaux de laboratoire (Reduce) et \u00e0 diminuer au maximum leur stress (Refine).<\/strong><\/strong><\/strong><\/p>\n\n\n\n<p><\/p>\n","protected":false},"excerpt":{"rendered":"<p>Promotion de la r\u00e8gle des 3R La r\u00e8gle des 3R vise \u00e0 remplacer autant que possible l\u2019exp\u00e9rimentation animale (Replace), \u00e0 r\u00e9duire le nombre d\u2019animaux de laboratoire (Reduce) et \u00e0 diminuer au maximum leur stress (Refine).<\/p>\n","protected":false},"author":1,"featured_media":0,"parent":460,"menu_order":0,"comment_status":"closed","ping_status":"closed","template":"page-templates\/unterthema.php","meta":{"_acf_changed":false,"inline_featured_image":false,"footnotes":""},"class_list":["post-574","page","type-page","status-publish","hentry"],"acf":[],"yoast_head":"<!-- This site is optimized with the Yoast SEO plugin v27.2 - https:\/\/yoast.com\/product\/yoast-seo-wordpress\/ -->\n<title>Promotion de la r\u00e8gle des 3R - animalwelfare<\/title>\n<meta name=\"robots\" content=\"noindex, follow, max-snippet:-1, max-image-preview:large, max-video-preview:-1\" \/>\n<meta property=\"og:locale\" content=\"fr_FR\" \/>\n<meta property=\"og:type\" content=\"article\" \/>\n<meta property=\"og:title\" content=\"Promotion de la r\u00e8gle des 3R - animalwelfare\" \/>\n<meta property=\"og:description\" content=\"Promotion de la r\u00e8gle des 3R La r\u00e8gle des 3R vise \u00e0 remplacer autant que possible l\u2019exp\u00e9rimentation animale (Replace), \u00e0 r\u00e9duire le nombre d\u2019animaux de laboratoire (Reduce) et \u00e0 diminuer au maximum leur stress (Refine).\" \/>\n<meta property=\"og:url\" content=\"https:\/\/animalwelfare.iph-multisite.berta-bewegt.ch\/fr\/report-2025\/promotion-des-3r\/\" \/>\n<meta property=\"og:site_name\" content=\"animalwelfare\" \/>\n<meta property=\"article:modified_time\" content=\"2026-03-09T15:24:32+00:00\" \/>\n<meta name=\"twitter:card\" content=\"summary_large_image\" \/>\n<meta name=\"twitter:label1\" content=\"Dur\u00e9e de lecture estim\u00e9e\" \/>\n\t<meta name=\"twitter:data1\" content=\"1 minute\" \/>\n<script type=\"application\/ld+json\" class=\"yoast-schema-graph\">{\"@context\":\"https:\/\/schema.org\",\"@graph\":[{\"@type\":\"WebPage\",\"@id\":\"https:\/\/animalwelfare.iph-multisite.berta-bewegt.ch\/fr\/report-2025\/promotion-des-3r\/\",\"url\":\"https:\/\/animalwelfare.iph-multisite.berta-bewegt.ch\/fr\/report-2025\/promotion-des-3r\/\",\"name\":\"Promotion de la r\u00e8gle des 3R - animalwelfare\",\"isPartOf\":{\"@id\":\"https:\/\/animalwelfare.iph-multisite.berta-bewegt.ch\/#website\"},\"datePublished\":\"2026-03-06T16:35:02+00:00\",\"dateModified\":\"2026-03-09T15:24:32+00:00\",\"breadcrumb\":{\"@id\":\"https:\/\/animalwelfare.iph-multisite.berta-bewegt.ch\/fr\/report-2025\/promotion-des-3r\/#breadcrumb\"},\"inLanguage\":\"fr-FR\",\"potentialAction\":[{\"@type\":\"ReadAction\",\"target\":[\"https:\/\/animalwelfare.iph-multisite.berta-bewegt.ch\/fr\/report-2025\/promotion-des-3r\/\"]}]},{\"@type\":\"BreadcrumbList\",\"@id\":\"https:\/\/animalwelfare.iph-multisite.berta-bewegt.ch\/fr\/report-2025\/promotion-des-3r\/#breadcrumb\",\"itemListElement\":[{\"@type\":\"ListItem\",\"position\":1,\"name\":\"Start\",\"item\":\"https:\/\/animalwelfare.iph-multisite.berta-bewegt.ch\/fr\/\"},{\"@type\":\"ListItem\",\"position\":2,\"name\":\"Report 2025\",\"item\":\"https:\/\/animalwelfare.iph-multisite.berta-bewegt.ch\/fr\/report-2025\/\"},{\"@type\":\"ListItem\",\"position\":3,\"name\":\"Promotion de la r\u00e8gle des 3R\"}]},{\"@type\":\"WebSite\",\"@id\":\"https:\/\/animalwelfare.iph-multisite.berta-bewegt.ch\/#website\",\"url\":\"https:\/\/animalwelfare.iph-multisite.berta-bewegt.ch\/\",\"name\":\"animalwelfare\",\"description\":\"\",\"potentialAction\":[{\"@type\":\"SearchAction\",\"target\":{\"@type\":\"EntryPoint\",\"urlTemplate\":\"https:\/\/animalwelfare.iph-multisite.berta-bewegt.ch\/?s={search_term_string}\"},\"query-input\":{\"@type\":\"PropertyValueSpecification\",\"valueRequired\":true,\"valueName\":\"search_term_string\"}}],\"inLanguage\":\"fr-FR\"}]}<\/script>\n<!-- \/ Yoast SEO plugin. -->","yoast_head_json":{"title":"Promotion de la r\u00e8gle des 3R - animalwelfare","robots":{"index":"noindex","follow":"follow","max-snippet":"max-snippet:-1","max-image-preview":"max-image-preview:large","max-video-preview":"max-video-preview:-1"},"og_locale":"fr_FR","og_type":"article","og_title":"Promotion de la r\u00e8gle des 3R - animalwelfare","og_description":"Promotion de la r\u00e8gle des 3R La r\u00e8gle des 3R vise \u00e0 remplacer autant que possible l\u2019exp\u00e9rimentation animale (Replace), \u00e0 r\u00e9duire le nombre d\u2019animaux de laboratoire (Reduce) et \u00e0 diminuer au maximum leur stress (Refine).","og_url":"https:\/\/animalwelfare.iph-multisite.berta-bewegt.ch\/fr\/report-2025\/promotion-des-3r\/","og_site_name":"animalwelfare","article_modified_time":"2026-03-09T15:24:32+00:00","twitter_card":"summary_large_image","twitter_misc":{"Dur\u00e9e de lecture estim\u00e9e":"1 minute"},"schema":{"@context":"https:\/\/schema.org","@graph":[{"@type":"WebPage","@id":"https:\/\/animalwelfare.iph-multisite.berta-bewegt.ch\/fr\/report-2025\/promotion-des-3r\/","url":"https:\/\/animalwelfare.iph-multisite.berta-bewegt.ch\/fr\/report-2025\/promotion-des-3r\/","name":"Promotion de la r\u00e8gle des 3R - animalwelfare","isPartOf":{"@id":"https:\/\/animalwelfare.iph-multisite.berta-bewegt.ch\/#website"},"datePublished":"2026-03-06T16:35:02+00:00","dateModified":"2026-03-09T15:24:32+00:00","breadcrumb":{"@id":"https:\/\/animalwelfare.iph-multisite.berta-bewegt.ch\/fr\/report-2025\/promotion-des-3r\/#breadcrumb"},"inLanguage":"fr-FR","potentialAction":[{"@type":"ReadAction","target":["https:\/\/animalwelfare.iph-multisite.berta-bewegt.ch\/fr\/report-2025\/promotion-des-3r\/"]}]},{"@type":"BreadcrumbList","@id":"https:\/\/animalwelfare.iph-multisite.berta-bewegt.ch\/fr\/report-2025\/promotion-des-3r\/#breadcrumb","itemListElement":[{"@type":"ListItem","position":1,"name":"Start","item":"https:\/\/animalwelfare.iph-multisite.berta-bewegt.ch\/fr\/"},{"@type":"ListItem","position":2,"name":"Report 2025","item":"https:\/\/animalwelfare.iph-multisite.berta-bewegt.ch\/fr\/report-2025\/"},{"@type":"ListItem","position":3,"name":"Promotion de la r\u00e8gle des 3R"}]},{"@type":"WebSite","@id":"https:\/\/animalwelfare.iph-multisite.berta-bewegt.ch\/#website","url":"https:\/\/animalwelfare.iph-multisite.berta-bewegt.ch\/","name":"animalwelfare","description":"","potentialAction":[{"@type":"SearchAction","target":{"@type":"EntryPoint","urlTemplate":"https:\/\/animalwelfare.iph-multisite.berta-bewegt.ch\/?s={search_term_string}"},"query-input":{"@type":"PropertyValueSpecification","valueRequired":true,"valueName":"search_term_string"}}],"inLanguage":"fr-FR"}]}},"_links":{"self":[{"href":"https:\/\/animalwelfare.iph-multisite.berta-bewegt.ch\/fr\/wp-json\/wp\/v2\/pages\/574","targetHints":{"allow":["GET"]}}],"collection":[{"href":"https:\/\/animalwelfare.iph-multisite.berta-bewegt.ch\/fr\/wp-json\/wp\/v2\/pages"}],"about":[{"href":"https:\/\/animalwelfare.iph-multisite.berta-bewegt.ch\/fr\/wp-json\/wp\/v2\/types\/page"}],"author":[{"embeddable":true,"href":"https:\/\/animalwelfare.iph-multisite.berta-bewegt.ch\/fr\/wp-json\/wp\/v2\/users\/1"}],"replies":[{"embeddable":true,"href":"https:\/\/animalwelfare.iph-multisite.berta-bewegt.ch\/fr\/wp-json\/wp\/v2\/comments?post=574"}],"version-history":[{"count":3,"href":"https:\/\/animalwelfare.iph-multisite.berta-bewegt.ch\/fr\/wp-json\/wp\/v2\/pages\/574\/revisions"}],"predecessor-version":[{"id":2983,"href":"https:\/\/animalwelfare.iph-multisite.berta-bewegt.ch\/fr\/wp-json\/wp\/v2\/pages\/574\/revisions\/2983"}],"up":[{"embeddable":true,"href":"https:\/\/animalwelfare.iph-multisite.berta-bewegt.ch\/fr\/wp-json\/wp\/v2\/pages\/460"}],"wp:attachment":[{"href":"https:\/\/animalwelfare.iph-multisite.berta-bewegt.ch\/fr\/wp-json\/wp\/v2\/media?parent=574"}],"curies":[{"name":"wp","href":"https:\/\/api.w.org\/{rel}","templated":true}]}}