{"id":756,"date":"2026-03-06T17:35:15","date_gmt":"2026-03-06T16:35:15","guid":{"rendered":"https:\/\/animalwelfare.iph-multisite.berta-bewegt.ch\/?page_id=756"},"modified":"2026-03-06T17:53:33","modified_gmt":"2026-03-06T16:53:33","slug":"charta","status":"publish","type":"page","link":"https:\/\/animalwelfare.iph-multisite.berta-bewegt.ch\/fr\/charta\/","title":{"rendered":"Charta"},"content":{"rendered":"\n<ol class=\"wp-block-list\">\n<li>appliquer et \u00e0 encourager activement les principes des 3R (r\u00e9duire, r\u00e9former et remplacer les \u00e9tudes animales), notamment en mati\u00e8re de recherche, de d\u00e9veloppement et de mise en oeuvre de m\u00e9thodes et de techniques con\u00e7ues pour remplacer les exp\u00e9riences sur animaux, r\u00e9duire le nombre d\u2019animaux utilis\u00e9s et att\u00e9nuer la souffrance et le stress des animaux de laboratoire.<\/li>\n\n\n\n<li>garantir \u00e0 nos animaux de laboratoire des conditions d\u2019h\u00e9bergement et de soin de pointe et de haute qualit\u00e9 et \u00e0 nous efforcer d\u2019am\u00e9liorer continuellement ces conditions.<\/li>\n\n\n\n<li>d\u00e9velopper et \u00e0 encourager l\u2019\u00e9ducation et la formation de tous les employ\u00e9s et collaborateurs qui travaillent avec les animaux.<\/li>\n\n\n\n<li>obliger contractuellement nos partenaires externes \u00e0 respecter ces standards \u00e9lev\u00e9s de bien-\u00eatre animal lorsqu\u2019ils effectuent des \u00e9tudes avec des animaux pour notre compte ou nous fournissent des animaux.<\/li>\n\n\n\n<li>appliquer des syst\u00e8mes d\u2019audits internes rigoureux, con\u00e7us pour assurer le respect des normes convenues de bien-\u00eatre animal.<\/li>\n\n\n\n<li>unir nos efforts pour auditer nos partenaires externes sur les normes de protection des animaux, et cela \u00e0 l\u2019\u00e9chelle internationale.<\/li>\n\n\n\n<li>encourager, en sus des inspections r\u00e9guli\u00e8res des pouvoirs publics, le d\u00e9veloppement de programmes externes et ind\u00e9pendants d\u2019\u00e9valuation de nos normes de protection des animaux et de nos installations \u00e0 l\u2019\u00e9chelle internationale.<\/li>\n\n\n\n<li>encourager la validation et l\u2019acceptation r\u00e9glementaire des m\u00e9thodes qui servent \u00e0 remplacer, r\u00e9duire ou raffiner les \u00e9tudes animales.<\/li>\n\n\n\n<li>contribuer \u00e0 un dialogue continu, franc et constructif en mati\u00e8re de recherche et de protection des animaux avec le public ainsi qu\u2019avec les pouvoirs publics, les d\u00e9cideurs politiques et autres parties prenantes concern\u00e9es.<\/li>\n\n\n\n<li>publier un rapport annuel sur les progr\u00e8s r\u00e9alis\u00e9s en relation \u00e0 cette Charte.<\/li>\n<\/ol>\n","protected":false},"excerpt":{"rendered":"","protected":false},"author":1,"featured_media":1381,"parent":0,"menu_order":4,"comment_status":"closed","ping_status":"closed","template":"","meta":{"_acf_changed":false,"inline_featured_image":false,"footnotes":""},"class_list":["post-756","page","type-page","status-publish","has-post-thumbnail","hentry"],"acf":[],"yoast_head":"<!-- This site is optimized with the Yoast SEO plugin v27.2 - https:\/\/yoast.com\/product\/yoast-seo-wordpress\/ -->\n<title>Charta - animalwelfare<\/title>\n<meta name=\"robots\" content=\"noindex, follow, max-snippet:-1, max-image-preview:large, max-video-preview:-1\" \/>\n<meta property=\"og:locale\" content=\"fr_FR\" \/>\n<meta property=\"og:type\" content=\"article\" \/>\n<meta property=\"og:title\" content=\"Charta - animalwelfare\" \/>\n<meta property=\"og:url\" content=\"https:\/\/animalwelfare.iph-multisite.berta-bewegt.ch\/fr\/charta\/\" \/>\n<meta property=\"og:site_name\" content=\"animalwelfare\" \/>\n<meta property=\"article:modified_time\" content=\"2026-03-06T16:53:33+00:00\" \/>\n<meta property=\"og:image\" content=\"https:\/\/animalwelfare.iph-multisite.berta-bewegt.ch\/wp-content\/uploads\/sites\/5\/2026\/03\/Interpharma_home_animalwellfare_charta.jpg\" \/>\n\t<meta property=\"og:image:width\" content=\"1440\" \/>\n\t<meta property=\"og:image:height\" content=\"1081\" \/>\n\t<meta property=\"og:image:type\" content=\"image\/jpeg\" \/>\n<meta name=\"twitter:card\" content=\"summary_large_image\" \/>\n<meta name=\"twitter:label1\" content=\"Dur\u00e9e de lecture estim\u00e9e\" \/>\n\t<meta name=\"twitter:data1\" content=\"2 minutes\" \/>\n<script type=\"application\/ld+json\" class=\"yoast-schema-graph\">{\"@context\":\"https:\/\/schema.org\",\"@graph\":[{\"@type\":\"WebPage\",\"@id\":\"https:\/\/animalwelfare.iph-multisite.berta-bewegt.ch\/fr\/charta\/\",\"url\":\"https:\/\/animalwelfare.iph-multisite.berta-bewegt.ch\/fr\/charta\/\",\"name\":\"Charta - animalwelfare\",\"isPartOf\":{\"@id\":\"https:\/\/animalwelfare.iph-multisite.berta-bewegt.ch\/#website\"},\"primaryImageOfPage\":{\"@id\":\"https:\/\/animalwelfare.iph-multisite.berta-bewegt.ch\/fr\/charta\/#primaryimage\"},\"image\":{\"@id\":\"https:\/\/animalwelfare.iph-multisite.berta-bewegt.ch\/fr\/charta\/#primaryimage\"},\"thumbnailUrl\":\"https:\/\/animalwelfare.iph-multisite.berta-bewegt.ch\/wp-content\/uploads\/sites\/5\/2026\/03\/Interpharma_home_animalwellfare_charta.jpg\",\"datePublished\":\"2026-03-06T16:35:15+00:00\",\"dateModified\":\"2026-03-06T16:53:33+00:00\",\"breadcrumb\":{\"@id\":\"https:\/\/animalwelfare.iph-multisite.berta-bewegt.ch\/fr\/charta\/#breadcrumb\"},\"inLanguage\":\"fr-FR\",\"potentialAction\":[{\"@type\":\"ReadAction\",\"target\":[\"https:\/\/animalwelfare.iph-multisite.berta-bewegt.ch\/fr\/charta\/\"]}]},{\"@type\":\"ImageObject\",\"inLanguage\":\"fr-FR\",\"@id\":\"https:\/\/animalwelfare.iph-multisite.berta-bewegt.ch\/fr\/charta\/#primaryimage\",\"url\":\"https:\/\/animalwelfare.iph-multisite.berta-bewegt.ch\/wp-content\/uploads\/sites\/5\/2026\/03\/Interpharma_home_animalwellfare_charta.jpg\",\"contentUrl\":\"https:\/\/animalwelfare.iph-multisite.berta-bewegt.ch\/wp-content\/uploads\/sites\/5\/2026\/03\/Interpharma_home_animalwellfare_charta.jpg\",\"width\":1440,\"height\":1081},{\"@type\":\"BreadcrumbList\",\"@id\":\"https:\/\/animalwelfare.iph-multisite.berta-bewegt.ch\/fr\/charta\/#breadcrumb\",\"itemListElement\":[{\"@type\":\"ListItem\",\"position\":1,\"name\":\"Start\",\"item\":\"https:\/\/animalwelfare.iph-multisite.berta-bewegt.ch\/fr\/\"},{\"@type\":\"ListItem\",\"position\":2,\"name\":\"Charta\"}]},{\"@type\":\"WebSite\",\"@id\":\"https:\/\/animalwelfare.iph-multisite.berta-bewegt.ch\/#website\",\"url\":\"https:\/\/animalwelfare.iph-multisite.berta-bewegt.ch\/\",\"name\":\"animalwelfare\",\"description\":\"\",\"potentialAction\":[{\"@type\":\"SearchAction\",\"target\":{\"@type\":\"EntryPoint\",\"urlTemplate\":\"https:\/\/animalwelfare.iph-multisite.berta-bewegt.ch\/?s={search_term_string}\"},\"query-input\":{\"@type\":\"PropertyValueSpecification\",\"valueRequired\":true,\"valueName\":\"search_term_string\"}}],\"inLanguage\":\"fr-FR\"}]}<\/script>\n<!-- \/ Yoast SEO plugin. -->","yoast_head_json":{"title":"Charta - animalwelfare","robots":{"index":"noindex","follow":"follow","max-snippet":"max-snippet:-1","max-image-preview":"max-image-preview:large","max-video-preview":"max-video-preview:-1"},"og_locale":"fr_FR","og_type":"article","og_title":"Charta - animalwelfare","og_url":"https:\/\/animalwelfare.iph-multisite.berta-bewegt.ch\/fr\/charta\/","og_site_name":"animalwelfare","article_modified_time":"2026-03-06T16:53:33+00:00","og_image":[{"width":1440,"height":1081,"url":"https:\/\/animalwelfare.iph-multisite.berta-bewegt.ch\/wp-content\/uploads\/sites\/5\/2026\/03\/Interpharma_home_animalwellfare_charta.jpg","type":"image\/jpeg"}],"twitter_card":"summary_large_image","twitter_misc":{"Dur\u00e9e de lecture estim\u00e9e":"2 minutes"},"schema":{"@context":"https:\/\/schema.org","@graph":[{"@type":"WebPage","@id":"https:\/\/animalwelfare.iph-multisite.berta-bewegt.ch\/fr\/charta\/","url":"https:\/\/animalwelfare.iph-multisite.berta-bewegt.ch\/fr\/charta\/","name":"Charta - animalwelfare","isPartOf":{"@id":"https:\/\/animalwelfare.iph-multisite.berta-bewegt.ch\/#website"},"primaryImageOfPage":{"@id":"https:\/\/animalwelfare.iph-multisite.berta-bewegt.ch\/fr\/charta\/#primaryimage"},"image":{"@id":"https:\/\/animalwelfare.iph-multisite.berta-bewegt.ch\/fr\/charta\/#primaryimage"},"thumbnailUrl":"https:\/\/animalwelfare.iph-multisite.berta-bewegt.ch\/wp-content\/uploads\/sites\/5\/2026\/03\/Interpharma_home_animalwellfare_charta.jpg","datePublished":"2026-03-06T16:35:15+00:00","dateModified":"2026-03-06T16:53:33+00:00","breadcrumb":{"@id":"https:\/\/animalwelfare.iph-multisite.berta-bewegt.ch\/fr\/charta\/#breadcrumb"},"inLanguage":"fr-FR","potentialAction":[{"@type":"ReadAction","target":["https:\/\/animalwelfare.iph-multisite.berta-bewegt.ch\/fr\/charta\/"]}]},{"@type":"ImageObject","inLanguage":"fr-FR","@id":"https:\/\/animalwelfare.iph-multisite.berta-bewegt.ch\/fr\/charta\/#primaryimage","url":"https:\/\/animalwelfare.iph-multisite.berta-bewegt.ch\/wp-content\/uploads\/sites\/5\/2026\/03\/Interpharma_home_animalwellfare_charta.jpg","contentUrl":"https:\/\/animalwelfare.iph-multisite.berta-bewegt.ch\/wp-content\/uploads\/sites\/5\/2026\/03\/Interpharma_home_animalwellfare_charta.jpg","width":1440,"height":1081},{"@type":"BreadcrumbList","@id":"https:\/\/animalwelfare.iph-multisite.berta-bewegt.ch\/fr\/charta\/#breadcrumb","itemListElement":[{"@type":"ListItem","position":1,"name":"Start","item":"https:\/\/animalwelfare.iph-multisite.berta-bewegt.ch\/fr\/"},{"@type":"ListItem","position":2,"name":"Charta"}]},{"@type":"WebSite","@id":"https:\/\/animalwelfare.iph-multisite.berta-bewegt.ch\/#website","url":"https:\/\/animalwelfare.iph-multisite.berta-bewegt.ch\/","name":"animalwelfare","description":"","potentialAction":[{"@type":"SearchAction","target":{"@type":"EntryPoint","urlTemplate":"https:\/\/animalwelfare.iph-multisite.berta-bewegt.ch\/?s={search_term_string}"},"query-input":{"@type":"PropertyValueSpecification","valueRequired":true,"valueName":"search_term_string"}}],"inLanguage":"fr-FR"}]}},"_links":{"self":[{"href":"https:\/\/animalwelfare.iph-multisite.berta-bewegt.ch\/fr\/wp-json\/wp\/v2\/pages\/756","targetHints":{"allow":["GET"]}}],"collection":[{"href":"https:\/\/animalwelfare.iph-multisite.berta-bewegt.ch\/fr\/wp-json\/wp\/v2\/pages"}],"about":[{"href":"https:\/\/animalwelfare.iph-multisite.berta-bewegt.ch\/fr\/wp-json\/wp\/v2\/types\/page"}],"author":[{"embeddable":true,"href":"https:\/\/animalwelfare.iph-multisite.berta-bewegt.ch\/fr\/wp-json\/wp\/v2\/users\/1"}],"replies":[{"embeddable":true,"href":"https:\/\/animalwelfare.iph-multisite.berta-bewegt.ch\/fr\/wp-json\/wp\/v2\/comments?post=756"}],"version-history":[{"count":2,"href":"https:\/\/animalwelfare.iph-multisite.berta-bewegt.ch\/fr\/wp-json\/wp\/v2\/pages\/756\/revisions"}],"predecessor-version":[{"id":1384,"href":"https:\/\/animalwelfare.iph-multisite.berta-bewegt.ch\/fr\/wp-json\/wp\/v2\/pages\/756\/revisions\/1384"}],"wp:featuredmedia":[{"embeddable":true,"href":"https:\/\/animalwelfare.iph-multisite.berta-bewegt.ch\/fr\/wp-json\/wp\/v2\/media\/1381"}],"wp:attachment":[{"href":"https:\/\/animalwelfare.iph-multisite.berta-bewegt.ch\/fr\/wp-json\/wp\/v2\/media?parent=756"}],"curies":[{"name":"wp","href":"https:\/\/api.w.org\/{rel}","templated":true}]}}